{"id":1151,"date":"2025-02-12T15:04:47","date_gmt":"2025-02-12T15:04:47","guid":{"rendered":"https:\/\/sitech.ch\/?page_id=1151"},"modified":"2025-08-26T10:38:55","modified_gmt":"2025-08-26T10:38:55","slug":"a-propos-de-nous","status":"publish","type":"page","link":"https:\/\/sitech.ch\/fr\/ueber-uns\/","title":{"rendered":"\u00c0 propos de nous"},"content":{"rendered":"<div data-elementor-type=\"wp-page\" data-elementor-id=\"1151\" class=\"elementor elementor-1151\" data-elementor-post-type=\"page\">\n\t\t\t\t<div class=\"elementor-element elementor-element-0c5d7c6 e-con-full e-flex e-con e-parent\" data-id=\"0c5d7c6\" data-element_type=\"container\" data-e-type=\"container\" data-settings=\"{&quot;background_background&quot;:&quot;classic&quot;}\">\n\t\t<div class=\"elementor-element elementor-element-568b7cd e-con-full e-flex e-con e-child\" data-id=\"568b7cd\" data-element_type=\"container\" data-e-type=\"container\" data-settings=\"{&quot;background_background&quot;:&quot;classic&quot;}\">\n\t\t<div class=\"elementor-element elementor-element-1e319e8 e-con-full e-flex e-con e-child\" data-id=\"1e319e8\" data-element_type=\"container\" data-e-type=\"container\" data-settings=\"{&quot;background_background&quot;:&quot;classic&quot;}\">\n\t\t\t\t<div class=\"elementor-element elementor-element-9a5491a elementor-widget elementor-widget-heading\" data-id=\"9a5491a\" data-element_type=\"widget\" data-e-type=\"widget\" data-widget_type=\"heading.default\">\n\t\t\t\t<div class=\"elementor-widget-container\">\n\t\t\t\t\t<h2 class=\"elementor-heading-title elementor-size-default\">Performant. Efficace.\nOrient\u00e9 prestations.<\/h2>\t\t\t\t<\/div>\n\t\t\t\t<\/div>\n\t\t\t\t<\/div>\n\t\t\t\t<\/div>\n\t\t\t\t<\/div>\n\t\t\t\t<section class=\"elementor-section elementor-top-section elementor-element elementor-element-c0d707a elementor-section-full_width elementor-section-height-default elementor-section-height-default\" data-id=\"c0d707a\" data-element_type=\"section\" data-e-type=\"section\">\n\t\t\t\t\t\t<div class=\"elementor-container elementor-column-gap-default\">\n\t\t\t\t\t<div class=\"elementor-column elementor-col-50 elementor-top-column elementor-element elementor-element-9ce6908\" data-id=\"9ce6908\" data-element_type=\"column\" data-e-type=\"column\" data-settings=\"{&quot;background_background&quot;:&quot;classic&quot;}\">\n\t\t\t<div class=\"elementor-widget-wrap elementor-element-populated\">\n\t\t\t\t\t\t<div class=\"elementor-element elementor-element-6a848c6 elementor-widget elementor-widget-spacer\" data-id=\"6a848c6\" data-element_type=\"widget\" data-e-type=\"widget\" data-widget_type=\"spacer.default\">\n\t\t\t\t<div class=\"elementor-widget-container\">\n\t\t\t\t\t\t\t<div class=\"elementor-spacer\">\n\t\t\t<div class=\"elementor-spacer-inner\"><\/div>\n\t\t<\/div>\n\t\t\t\t\t\t<\/div>\n\t\t\t\t<\/div>\n\t\t\t\t\t<\/div>\n\t\t<\/div>\n\t\t\t\t<div class=\"elementor-column elementor-col-25 elementor-top-column elementor-element elementor-element-8428ece\" data-id=\"8428ece\" data-element_type=\"column\" data-e-type=\"column\" data-settings=\"{&quot;background_background&quot;:&quot;classic&quot;}\">\n\t\t\t<div class=\"elementor-widget-wrap elementor-element-populated\">\n\t\t\t\t\t\t<div class=\"elementor-element elementor-element-2b3dcb8 elementor-widget elementor-widget-spacer\" data-id=\"2b3dcb8\" data-element_type=\"widget\" data-e-type=\"widget\" data-widget_type=\"spacer.default\">\n\t\t\t\t<div class=\"elementor-widget-container\">\n\t\t\t\t\t\t\t<div class=\"elementor-spacer\">\n\t\t\t<div class=\"elementor-spacer-inner\"><\/div>\n\t\t<\/div>\n\t\t\t\t\t\t<\/div>\n\t\t\t\t<\/div>\n\t\t\t\t\t<\/div>\n\t\t<\/div>\n\t\t\t\t<div class=\"elementor-column elementor-col-25 elementor-top-column elementor-element elementor-element-32d5653\" data-id=\"32d5653\" data-element_type=\"column\" data-e-type=\"column\" data-settings=\"{&quot;background_background&quot;:&quot;classic&quot;}\">\n\t\t\t<div class=\"elementor-widget-wrap elementor-element-populated\">\n\t\t\t\t\t\t<div class=\"elementor-element elementor-element-b640d55 elementor-widget elementor-widget-spacer\" data-id=\"b640d55\" data-element_type=\"widget\" data-e-type=\"widget\" data-widget_type=\"spacer.default\">\n\t\t\t\t<div class=\"elementor-widget-container\">\n\t\t\t\t\t\t\t<div class=\"elementor-spacer\">\n\t\t\t<div class=\"elementor-spacer-inner\"><\/div>\n\t\t<\/div>\n\t\t\t\t\t\t<\/div>\n\t\t\t\t<\/div>\n\t\t\t\t\t<\/div>\n\t\t<\/div>\n\t\t\t\t\t<\/div>\n\t\t<\/section>\n\t\t<div class=\"elementor-element elementor-element-fdbfbe2 e-con-full e-flex e-con e-parent\" data-id=\"fdbfbe2\" data-element_type=\"container\" data-e-type=\"container\">\n\t\t<div class=\"elementor-element elementor-element-c827b48 e-con-full e-flex e-con e-child\" data-id=\"c827b48\" data-element_type=\"container\" data-e-type=\"container\">\n\t\t\t\t<div class=\"elementor-element elementor-element-7423e68 elementor-widget elementor-widget-heading\" data-id=\"7423e68\" data-element_type=\"widget\" data-e-type=\"widget\" data-widget_type=\"heading.default\">\n\t\t\t\t<div class=\"elementor-widget-container\">\n\t\t\t\t\t<h1 class=\"elementor-heading-title elementor-size-default\">SITECH est un partenaire technologique dans le domaine du g\u00e9nie civil et de la construction routi\u00e8re<\/h1>\t\t\t\t<\/div>\n\t\t\t\t<\/div>\n\t\t\t\t<div class=\"elementor-element elementor-element-8c307a6 elementor-widget elementor-widget-text-editor\" data-id=\"8c307a6\" data-element_type=\"widget\" data-e-type=\"widget\" data-widget_type=\"text-editor.default\">\n\t\t\t\t<div class=\"elementor-widget-container\">\n\t\t\t\t\t\t\t\t\tSITECH Suisse est le partenaire technologique num\u00e9ro 1 des entreprises de g\u00e9nie civil et de construction de routes. En plus de solutions innovantes, comme les syst\u00e8mes de guidage et les syst\u00e8mes de mesure pour le chantier num\u00e9rique, nous accompagnons les utilisateurs avec des prestations in\u00e9dites. Les experts SITECH conseillent les entreprises de construction dans leurs applications et leur font d\u00e9couvrir le potentiel des m\u00e9thodes num\u00e9riques pour augmenter leur productivit\u00e9 et leur efficacit\u00e9. Les clients de SITECH Suisse peuvent faire confiance \u00e0 des outils de qualit\u00e9, accompagn\u00e9s de prestations orient\u00e9es vers les besoins des utilisateurs.\n\n\t\t\t\t\t\t\t\t<\/div>\n\t\t\t\t<\/div>\n\t\t\t\t<div class=\"elementor-element elementor-element-267c61a elementor-widget elementor-widget-text-editor\" data-id=\"267c61a\" data-element_type=\"widget\" data-e-type=\"widget\" data-widget_type=\"text-editor.default\">\n\t\t\t\t<div class=\"elementor-widget-container\">\n\t\t\t\t\t\t\t\t\tSITECH a \u00e9t\u00e9 fond\u00e9e en 2011 d\u00e9j\u00e0 - toujours dans le but d'augmenter la productivit\u00e9 de nos clients. Comme la proximit\u00e9 avec nos clients est particuli\u00e8rement importante pour nous, nous sommes repr\u00e9sent\u00e9s sur deux sites : en Suisse romande \u00e0 Lutry (VD) et en Suisse al\u00e9manique \u00e0 Othmarsingen (AG), o\u00f9 nous disposons d'un stock de marchandises et de pi\u00e8ces de rechange ainsi que d'un atelier de r\u00e9paration. Aujourd'hui, nous employons plus de 25 experts dans le domaine de la g\u00e9omatique et du guidage d'engins.\t\t\t\t\t\t\t\t<\/div>\n\t\t\t\t<\/div>\n\t\t\t\t<\/div>\n\t\t\t\t<\/div>\n\t\t<div class=\"elementor-element elementor-element-1862343 e-con-full e-flex e-con e-parent\" data-id=\"1862343\" data-element_type=\"container\" data-e-type=\"container\" data-settings=\"{&quot;background_background&quot;:&quot;classic&quot;}\">\n\t\t<div class=\"elementor-element elementor-element-2b429c3 e-con-full e-flex e-con e-child\" data-id=\"2b429c3\" data-element_type=\"container\" data-e-type=\"container\">\n\t\t<div class=\"elementor-element elementor-element-71ad764 e-con-full e-flex e-con e-child\" data-id=\"71ad764\" data-element_type=\"container\" data-e-type=\"container\">\n\t\t\t\t<div class=\"elementor-element elementor-element-71ad098 elementor-widget elementor-widget-image\" data-id=\"71ad098\" data-element_type=\"widget\" data-e-type=\"widget\" data-widget_type=\"image.default\">\n\t\t\t\t<div class=\"elementor-widget-container\">\n\t\t\t\t\t\t\t\t\t\t\t\t\t\t\t<img fetchpriority=\"high\" decoding=\"async\" width=\"800\" height=\"143\" src=\"https:\/\/sitech.ch\/wp-content\/uploads\/2025\/02\/MEB-Group-Logo.jpg\" class=\"attachment-large size-large wp-image-2382\" alt=\"\" srcset=\"https:\/\/sitech.ch\/wp-content\/uploads\/2025\/02\/MEB-Group-Logo.jpg 800w, https:\/\/sitech.ch\/wp-content\/uploads\/2025\/02\/MEB-Group-Logo-300x54.jpg 300w, https:\/\/sitech.ch\/wp-content\/uploads\/2025\/02\/MEB-Group-Logo-768x137.jpg 768w\" sizes=\"(max-width: 800px) 100vw, 800px\" \/>\t\t\t\t\t\t\t\t\t\t\t\t\t\t\t<\/div>\n\t\t\t\t<\/div>\n\t\t<div class=\"elementor-element elementor-element-1f1e36b e-con-full e-flex e-con e-child\" data-id=\"1f1e36b\" data-element_type=\"container\" data-e-type=\"container\">\n\t\t<div class=\"elementor-element elementor-element-66b7852 e-con-full e-flex e-con e-child\" data-id=\"66b7852\" data-element_type=\"container\" data-e-type=\"container\">\n\t\t\t\t<div class=\"elementor-element elementor-element-c3fa6c9 elementor-widget elementor-widget-menu-anchor\" data-id=\"c3fa6c9\" data-element_type=\"widget\" data-e-type=\"widget\" data-widget_type=\"menu-anchor.default\">\n\t\t\t\t<div class=\"elementor-widget-container\">\n\t\t\t\t\t\t\t<div class=\"elementor-menu-anchor\" id=\"mebgroup\"><\/div>\n\t\t\t\t\t\t<\/div>\n\t\t\t\t<\/div>\n\t\t<div class=\"elementor-element elementor-element-6276203 e-con-full e-flex e-con e-child\" data-id=\"6276203\" data-element_type=\"container\" data-e-type=\"container\">\n\t\t\t\t<div class=\"elementor-element elementor-element-182277a elementor-widget elementor-widget-heading\" data-id=\"182277a\" data-element_type=\"widget\" data-e-type=\"widget\" data-widget_type=\"heading.default\">\n\t\t\t\t<div class=\"elementor-widget-container\">\n\t\t\t\t\t<h3 class=\"elementor-heading-title elementor-size-default\">MEB Group<\/h3>\t\t\t\t<\/div>\n\t\t\t\t<\/div>\n\t\t\t\t<div class=\"elementor-element elementor-element-210f67b elementor-widget elementor-widget-text-editor\" data-id=\"210f67b\" data-element_type=\"widget\" data-e-type=\"widget\" data-widget_type=\"text-editor.default\">\n\t\t\t\t<div class=\"elementor-widget-container\">\n\t\t\t\t\t\t\t\t\tEn tant qu'entreprise du MEB Group, SITECH Suisse dispose de l'expertise de plus de 250 collaboratrices et collaborateurs.  Tous soutiennent les utilisateurs dans les entreprises de construction, les bureaux de g\u00e9om\u00e8tres, les administrations, les planificateurs et les ing\u00e9nieurs ainsi que les exploitants d'immeubles et d'infrastructures de mani\u00e8re globale avec des produits, des solutions, des prestations ainsi qu'un excellent service pour leurs t\u00e2ches et objectifs op\u00e9rationnels. Le groupe MEB propose des solutions allant de la planification \u00e0 l'exploitation en passant par la r\u00e9alisation. Ses comp\u00e9tences s'\u00e9tendent de la g\u00e9omatique au guidage d'engins et \u00e0 la mod\u00e9lisation des donn\u00e9es du b\u00e2timent (BIM), en passant par le monitoring et le mobile mapping, ainsi que la num\u00e9risation des processus et des donn\u00e9es.\t\t\t\t\t\t\t\t<\/div>\n\t\t\t\t<\/div>\n\t\t\t\t<\/div>\n\t\t\t\t<div class=\"elementor-element elementor-element-52076cc elementor-widget elementor-widget-button\" data-id=\"52076cc\" data-element_type=\"widget\" data-e-type=\"widget\" data-widget_type=\"button.default\">\n\t\t\t\t<div class=\"elementor-widget-container\">\n\t\t\t\t\t\t\t\t\t<div class=\"elementor-button-wrapper\">\n\t\t\t\t\t<a class=\"elementor-button elementor-button-link elementor-size-sm\" href=\"https:\/\/mebgroup.com\/fr\" target=\"_blank\" rel=\"noopener\">\n\t\t\t\t\t\t<span class=\"elementor-button-content-wrapper\">\n\t\t\t\t\t\t\t\t\t<span class=\"elementor-button-text\">Vers le site web du MEB Group<\/span>\n\t\t\t\t\t<\/span>\n\t\t\t\t\t<\/a>\n\t\t\t\t<\/div>\n\t\t\t\t\t\t\t\t<\/div>\n\t\t\t\t<\/div>\n\t\t\t\t<\/div>\n\t\t<div class=\"elementor-element elementor-element-bcd751f e-con-full e-flex e-con e-child\" data-id=\"bcd751f\" data-element_type=\"container\" data-e-type=\"container\">\n\t\t\t\t<div class=\"elementor-element elementor-element-3b09087 elementor-widget elementor-widget-menu-anchor\" data-id=\"3b09087\" data-element_type=\"widget\" data-e-type=\"widget\" data-widget_type=\"menu-anchor.default\">\n\t\t\t\t<div class=\"elementor-widget-container\">\n\t\t\t\t\t\t\t<div class=\"elementor-menu-anchor\" id=\"mebcampus\"><\/div>\n\t\t\t\t\t\t<\/div>\n\t\t\t\t<\/div>\n\t\t<div class=\"elementor-element elementor-element-a66ff4c e-con-full e-flex e-con e-child\" data-id=\"a66ff4c\" data-element_type=\"container\" data-e-type=\"container\">\n\t\t\t\t<div class=\"elementor-element elementor-element-9ddc364 elementor-widget elementor-widget-heading\" data-id=\"9ddc364\" data-element_type=\"widget\" data-e-type=\"widget\" data-widget_type=\"heading.default\">\n\t\t\t\t<div class=\"elementor-widget-container\">\n\t\t\t\t\t<h3 class=\"elementor-heading-title elementor-size-default\">MEB Campus<\/h3>\t\t\t\t<\/div>\n\t\t\t\t<\/div>\n\t\t\t\t<div class=\"elementor-element elementor-element-88f9623 elementor-widget elementor-widget-text-editor\" data-id=\"88f9623\" data-element_type=\"widget\" data-e-type=\"widget\" data-widget_type=\"text-editor.default\">\n\t\t\t\t<div class=\"elementor-widget-container\">\n\t\t\t\t\t\t\t\t\t<p>Le MEB Campus est la plate-forme des entreprises du MEB Group pour la transmission de connaissances tout au long de la cha\u00eene de cr\u00e9ation de valeur, de l'\u00e9laboration des bases \u00e0 l'exploitation d'un ouvrage en passant par sa r\u00e9alisation. Le Campus MEB r\u00e9unit les sp\u00e9cialistes de ALLNAV, BuildingPoint, SITECH, terra\u00ae vermessungen et terra\u00ae digital.<\/p>\t\t\t\t\t\t\t\t<\/div>\n\t\t\t\t<\/div>\n\t\t\t\t<\/div>\n\t\t\t\t<div class=\"elementor-element elementor-element-47ed559 elementor-widget elementor-widget-button\" data-id=\"47ed559\" data-element_type=\"widget\" data-e-type=\"widget\" data-widget_type=\"button.default\">\n\t\t\t\t<div class=\"elementor-widget-container\">\n\t\t\t\t\t\t\t\t\t<div class=\"elementor-button-wrapper\">\n\t\t\t\t\t<a class=\"elementor-button elementor-button-link elementor-size-sm\" href=\"https:\/\/campus.mebgroup.ch\/\" target=\"_blank\" rel=\"noopener\">\n\t\t\t\t\t\t<span class=\"elementor-button-content-wrapper\">\n\t\t\t\t\t\t\t\t\t<span class=\"elementor-button-text\">Vers le site web du MEB Campus<\/span>\n\t\t\t\t\t<\/span>\n\t\t\t\t\t<\/a>\n\t\t\t\t<\/div>\n\t\t\t\t\t\t\t\t<\/div>\n\t\t\t\t<\/div>\n\t\t\t\t<\/div>\n\t\t\t\t<\/div>\n\t\t\t\t<\/div>\n\t\t\t\t<\/div>\n\t\t\t\t<\/div>\n\t\t<div class=\"elementor-element elementor-element-2731237 e-con-full e-flex e-con e-parent\" data-id=\"2731237\" data-element_type=\"container\" data-e-type=\"container\" data-settings=\"{&quot;background_background&quot;:&quot;classic&quot;}\">\n\t\t<div class=\"elementor-element elementor-element-7bd200b e-con-full e-flex e-con e-child\" data-id=\"7bd200b\" data-element_type=\"container\" data-e-type=\"container\">\n\t\t\t\t<div class=\"elementor-element elementor-element-d103171 elementor-widget elementor-widget-image\" data-id=\"d103171\" data-element_type=\"widget\" data-e-type=\"widget\" data-widget_type=\"image.default\">\n\t\t\t\t<div class=\"elementor-widget-container\">\n\t\t\t\t\t\t\t\t\t\t\t\t\t\t\t<img decoding=\"async\" width=\"600\" height=\"145\" src=\"https:\/\/sitech.ch\/wp-content\/uploads\/2025\/02\/trimble-logo.png\" class=\"attachment-large size-large wp-image-2908\" alt=\"\" srcset=\"https:\/\/sitech.ch\/wp-content\/uploads\/2025\/02\/trimble-logo.png 600w, https:\/\/sitech.ch\/wp-content\/uploads\/2025\/02\/trimble-logo-300x73.png 300w, https:\/\/sitech.ch\/wp-content\/uploads\/2025\/02\/trimble-logo-18x4.png 18w\" sizes=\"(max-width: 600px) 100vw, 600px\" \/>\t\t\t\t\t\t\t\t\t\t\t\t\t\t\t<\/div>\n\t\t\t\t<\/div>\n\t\t\t\t<div class=\"elementor-element elementor-element-3fafb01 elementor-widget elementor-widget-text-editor\" data-id=\"3fafb01\" data-element_type=\"widget\" data-e-type=\"widget\" data-widget_type=\"text-editor.default\">\n\t\t\t\t<div class=\"elementor-widget-container\">\n\t\t\t\t\t\t\t\t\tSITECH Suisse peut compter sur Trimble, l'une des entreprises technologiques les plus innovantes au monde, qui emploie plus de 11'000 personnes. Nous entretenons un partenariat de longue date, sommes un distributeur agr\u00e9\u00e9 et notre service et nos ateliers sur les sites sont certifi\u00e9s par le fabricant. Ainsi, nos clients et nous-m\u00eames disposons de connaissances et de technologies logicielles et mat\u00e9rielles tout au long de la cha\u00eene de cr\u00e9ation de valeur, de la planification \u00e0 la r\u00e9alisation.\t\t\t\t\t\t\t\t<\/div>\n\t\t\t\t<\/div>\n\t\t\t\t<\/div>\n\t\t\t\t<\/div>\n\t\t<div class=\"elementor-element elementor-element-e651954 e-con-full e-flex e-con e-parent\" data-id=\"e651954\" data-element_type=\"container\" data-e-type=\"container\" data-settings=\"{&quot;background_background&quot;:&quot;classic&quot;}\">\n\t\t\t\t<\/div>\n\t\t<div class=\"elementor-element elementor-element-d545cfc e-flex e-con-boxed e-con e-parent\" data-id=\"d545cfc\" data-element_type=\"container\" data-e-type=\"container\" data-settings=\"{&quot;background_background&quot;:&quot;classic&quot;}\">\n\t\t\t\t\t<div class=\"e-con-inner\">\n\t\t\t\t<div class=\"elementor-element elementor-element-90dab6e elementor-widget elementor-widget-menu-anchor\" data-id=\"90dab6e\" data-element_type=\"widget\" data-e-type=\"widget\" data-widget_type=\"menu-anchor.default\">\n\t\t\t\t<div class=\"elementor-widget-container\">\n\t\t\t\t\t\t\t<div class=\"elementor-menu-anchor\" id=\"karriere\"><\/div>\n\t\t\t\t\t\t<\/div>\n\t\t\t\t<\/div>\n\t\t\t\t\t<\/div>\n\t\t\t\t<\/div>\n\t\t<div class=\"elementor-element elementor-element-b1be69f e-con-full e-flex e-con e-parent\" data-id=\"b1be69f\" data-element_type=\"container\" data-e-type=\"container\" data-settings=\"{&quot;background_background&quot;:&quot;classic&quot;}\">\n\t\t<div class=\"elementor-element elementor-element-79049bb e-con-full e-flex e-con e-child\" data-id=\"79049bb\" data-element_type=\"container\" data-e-type=\"container\">\n\t\t\t\t<div class=\"elementor-element elementor-element-f8fcb11 elementor-widget elementor-widget-heading\" data-id=\"f8fcb11\" data-element_type=\"widget\" data-e-type=\"widget\" data-widget_type=\"heading.default\">\n\t\t\t\t<div class=\"elementor-widget-container\">\n\t\t\t\t\t<h3 class=\"elementor-heading-title elementor-size-default\">SITECH Emplois &amp; Carri\u00e8re<\/h3>\t\t\t\t<\/div>\n\t\t\t\t<\/div>\n\t\t\t\t<div class=\"elementor-element elementor-element-3e4eaac elementor-widget elementor-widget-text-editor\" data-id=\"3e4eaac\" data-element_type=\"widget\" data-e-type=\"widget\" data-widget_type=\"text-editor.default\">\n\t\t\t\t<div class=\"elementor-widget-container\">\n\t\t\t\t\t\t\t\t\tSITECH est synonyme d'innovation. Pour des technologies et des syst\u00e8mes novateurs. Pour la num\u00e9risation de l'industrie de la construction dans le g\u00e9nie civil et la construction de routes. Mod\u00e8les num\u00e9riques de terrain, r\u00e9cepteurs GNSS, stations totales robotis\u00e9es, syst\u00e8mes de guidage automatis\u00e9s pour machines de chantier - avec de nouvelles technologies et de nouveaux processus, les clients de SITECH franchissent le pas vers l'avenir. En tant que leader du march\u00e9, nous misons sur des collaborateurs bien form\u00e9s qui planifient chez nous leur parcours vers l'avenir. \t\t\t\t\t\t\t\t<\/div>\n\t\t\t\t<\/div>\n\t\t\t\t<div class=\"elementor-element elementor-element-4368bc1 elementor-widget elementor-widget-button\" data-id=\"4368bc1\" data-element_type=\"widget\" data-e-type=\"widget\" data-widget_type=\"button.default\">\n\t\t\t\t<div class=\"elementor-widget-container\">\n\t\t\t\t\t\t\t\t\t<div class=\"elementor-button-wrapper\">\n\t\t\t\t\t<a class=\"elementor-button elementor-button-link elementor-size-sm\" href=\"https:\/\/sitech.ch\/fr\/a-propos-de-nous\/carriere\/\" target=\"_blank\">\n\t\t\t\t\t\t<span class=\"elementor-button-content-wrapper\">\n\t\t\t\t\t\t\t\t\t<span class=\"elementor-button-text\">En savoir plus<\/span>\n\t\t\t\t\t<\/span>\n\t\t\t\t\t<\/a>\n\t\t\t\t<\/div>\n\t\t\t\t\t\t\t\t<\/div>\n\t\t\t\t<\/div>\n\t\t\t\t<\/div>\n\t\t\t\t<\/div>\n\t\t\t\t<\/div>","protected":false},"excerpt":{"rendered":"<p>Stark. Effizient. Dienstleistungsorientiert. SITECH ist Technologiepartner im Tief- und Strassenbau Wir bei SITECH Schweiz sind Technologiepartner Nr. 1 f\u00fcr Tief- und Strassenbauunternehmen. Neben innovativen Produktl\u00f6sungen wie innovativen Maschinensteuerungen und digitalen Bauvermessungssystemen stehen wir mit wegweisenden Dienstleistungen zur Seite. SITECH Experten beraten Bauunternehmen bei ihren Anwendungen und vermitteln die Potentiale digitaler Methoden, um die Produktivit\u00e4t und [&hellip;]<\/p>\n","protected":false},"author":1,"featured_media":0,"parent":0,"menu_order":0,"comment_status":"closed","ping_status":"closed","template":"elementor_header_footer","meta":{"footnotes":""},"class_list":["post-1151","page","type-page","status-publish","hentry"],"_links":{"self":[{"href":"https:\/\/sitech.ch\/fr\/wp-json\/wp\/v2\/pages\/1151","targetHints":{"allow":["GET"]}}],"collection":[{"href":"https:\/\/sitech.ch\/fr\/wp-json\/wp\/v2\/pages"}],"about":[{"href":"https:\/\/sitech.ch\/fr\/wp-json\/wp\/v2\/types\/page"}],"author":[{"embeddable":true,"href":"https:\/\/sitech.ch\/fr\/wp-json\/wp\/v2\/users\/1"}],"replies":[{"embeddable":true,"href":"https:\/\/sitech.ch\/fr\/wp-json\/wp\/v2\/comments?post=1151"}],"version-history":[{"count":322,"href":"https:\/\/sitech.ch\/fr\/wp-json\/wp\/v2\/pages\/1151\/revisions"}],"predecessor-version":[{"id":5662,"href":"https:\/\/sitech.ch\/fr\/wp-json\/wp\/v2\/pages\/1151\/revisions\/5662"}],"wp:attachment":[{"href":"https:\/\/sitech.ch\/fr\/wp-json\/wp\/v2\/media?parent=1151"}],"curies":[{"name":"wp","href":"https:\/\/api.w.org\/{rel}","templated":true}]}}