{"id":1673,"date":"2025-02-19T11:24:27","date_gmt":"2025-02-19T11:24:27","guid":{"rendered":"https:\/\/sitech.ch\/?page_id=1673"},"modified":"2025-03-28T11:54:15","modified_gmt":"2025-03-28T11:54:15","slug":"suivi-de-projet","status":"publish","type":"page","link":"https:\/\/sitech.ch\/fr\/dienstleistungen\/projektbegleitung\/","title":{"rendered":"Suivi de projet"},"content":{"rendered":"<div data-elementor-type=\"wp-page\" data-elementor-id=\"1673\" class=\"elementor elementor-1673\" data-elementor-post-type=\"page\">\n\t\t\t\t<div class=\"elementor-element elementor-element-f58b1fd e-con-full e-flex e-con e-parent\" data-id=\"f58b1fd\" data-element_type=\"container\" data-e-type=\"container\" data-settings=\"{&quot;background_background&quot;:&quot;classic&quot;}\">\n\t\t<div class=\"elementor-element elementor-element-2f14f68 e-con-full e-flex e-con e-child\" data-id=\"2f14f68\" data-element_type=\"container\" data-e-type=\"container\" data-settings=\"{&quot;background_background&quot;:&quot;classic&quot;}\">\n\t\t<div class=\"elementor-element elementor-element-d6cda28 e-con-full e-flex e-con e-child\" data-id=\"d6cda28\" data-element_type=\"container\" data-e-type=\"container\" data-settings=\"{&quot;background_background&quot;:&quot;classic&quot;}\">\n\t\t\t\t<div class=\"elementor-element elementor-element-3d1af1c elementor-widget elementor-widget-heading\" data-id=\"3d1af1c\" data-element_type=\"widget\" data-e-type=\"widget\" data-widget_type=\"heading.default\">\n\t\t\t\t<div class=\"elementor-widget-container\">\n\t\t\t\t\t<h1 class=\"elementor-heading-title elementor-size-default\">Suivi de projet<\/h1>\t\t\t\t<\/div>\n\t\t\t\t<\/div>\n\t\t\t\t<\/div>\n\t\t\t\t<\/div>\n\t\t\t\t<\/div>\n\t\t\t\t<section class=\"elementor-section elementor-top-section elementor-element elementor-element-3379bf9 elementor-section-full_width elementor-section-height-default elementor-section-height-default\" data-id=\"3379bf9\" data-element_type=\"section\" data-e-type=\"section\">\n\t\t\t\t\t\t<div class=\"elementor-container elementor-column-gap-default\">\n\t\t\t\t\t<div class=\"elementor-column elementor-col-50 elementor-top-column elementor-element elementor-element-5f5d6b5\" data-id=\"5f5d6b5\" data-element_type=\"column\" data-e-type=\"column\" data-settings=\"{&quot;background_background&quot;:&quot;classic&quot;}\">\n\t\t\t<div class=\"elementor-widget-wrap elementor-element-populated\">\n\t\t\t\t\t\t<div class=\"elementor-element elementor-element-5775e27 elementor-widget elementor-widget-spacer\" data-id=\"5775e27\" data-element_type=\"widget\" data-e-type=\"widget\" data-widget_type=\"spacer.default\">\n\t\t\t\t<div class=\"elementor-widget-container\">\n\t\t\t\t\t\t\t<div class=\"elementor-spacer\">\n\t\t\t<div class=\"elementor-spacer-inner\"><\/div>\n\t\t<\/div>\n\t\t\t\t\t\t<\/div>\n\t\t\t\t<\/div>\n\t\t\t\t\t<\/div>\n\t\t<\/div>\n\t\t\t\t<div class=\"elementor-column elementor-col-25 elementor-top-column elementor-element elementor-element-657e1ed\" data-id=\"657e1ed\" data-element_type=\"column\" data-e-type=\"column\" data-settings=\"{&quot;background_background&quot;:&quot;classic&quot;}\">\n\t\t\t<div class=\"elementor-widget-wrap elementor-element-populated\">\n\t\t\t\t\t\t<div class=\"elementor-element elementor-element-b4e9d90 elementor-widget elementor-widget-spacer\" data-id=\"b4e9d90\" data-element_type=\"widget\" data-e-type=\"widget\" data-widget_type=\"spacer.default\">\n\t\t\t\t<div class=\"elementor-widget-container\">\n\t\t\t\t\t\t\t<div class=\"elementor-spacer\">\n\t\t\t<div class=\"elementor-spacer-inner\"><\/div>\n\t\t<\/div>\n\t\t\t\t\t\t<\/div>\n\t\t\t\t<\/div>\n\t\t\t\t\t<\/div>\n\t\t<\/div>\n\t\t\t\t<div class=\"elementor-column elementor-col-25 elementor-top-column elementor-element elementor-element-4b3ff73\" data-id=\"4b3ff73\" data-element_type=\"column\" data-e-type=\"column\" data-settings=\"{&quot;background_background&quot;:&quot;classic&quot;}\">\n\t\t\t<div class=\"elementor-widget-wrap elementor-element-populated\">\n\t\t\t\t\t\t<div class=\"elementor-element elementor-element-1e993bc elementor-widget elementor-widget-spacer\" data-id=\"1e993bc\" data-element_type=\"widget\" data-e-type=\"widget\" data-widget_type=\"spacer.default\">\n\t\t\t\t<div class=\"elementor-widget-container\">\n\t\t\t\t\t\t\t<div class=\"elementor-spacer\">\n\t\t\t<div class=\"elementor-spacer-inner\"><\/div>\n\t\t<\/div>\n\t\t\t\t\t\t<\/div>\n\t\t\t\t<\/div>\n\t\t\t\t\t<\/div>\n\t\t<\/div>\n\t\t\t\t\t<\/div>\n\t\t<\/section>\n\t\t<div class=\"elementor-element elementor-element-bd1314f e-con-full e-flex e-con e-parent\" data-id=\"bd1314f\" data-element_type=\"container\" data-e-type=\"container\">\n\t\t<div class=\"elementor-element elementor-element-9c6180c e-con-full e-flex e-con e-child\" data-id=\"9c6180c\" data-element_type=\"container\" data-e-type=\"container\">\n\t\t\t\t<div class=\"elementor-element elementor-element-96b58b6 elementor-widget elementor-widget-heading\" data-id=\"96b58b6\" data-element_type=\"widget\" data-e-type=\"widget\" data-widget_type=\"heading.default\">\n\t\t\t\t<div class=\"elementor-widget-container\">\n\t\t\t\t\t<h1 class=\"elementor-heading-title elementor-size-default\">Notre mission est de faire en sorte que les clients soient plus productifs gr\u00e2ce \u00e0 SITECH.<\/h1>\t\t\t\t<\/div>\n\t\t\t\t<\/div>\n\t\t\t\t<div class=\"elementor-element elementor-element-603eecd elementor-widget elementor-widget-text-editor\" data-id=\"603eecd\" data-element_type=\"widget\" data-e-type=\"widget\" data-widget_type=\"text-editor.default\">\n\t\t\t\t<div class=\"elementor-widget-container\">\n\t\t\t\t\t\t\t\t\tNouveaux syst\u00e8mes ou collaborateurs, t\u00e2ches sp\u00e9ciales difficiles, nouveaux domaines d'activit\u00e9 - il y a de nombreuses raisons pour nos clients de faire appel \u00e0 un expert SITECH pour les accompagner dans leurs projets. En plus d'un conseil professionnel et adapt\u00e9 aux applications respectives, toi et tes coll\u00e8gues apprenez comment les syst\u00e8mes de mesure de construction et les commandes de machines peuvent \u00eatre utilis\u00e9s dans ton entreprise et dans d'autres projets. \t\t\t\t\t\t\t\t<\/div>\n\t\t\t\t<\/div>\n\t\t\t\t<div class=\"elementor-element elementor-element-4dacd57 elementor-widget elementor-widget-text-editor\" data-id=\"4dacd57\" data-element_type=\"widget\" data-e-type=\"widget\" data-widget_type=\"text-editor.default\">\n\t\t\t\t<div class=\"elementor-widget-container\">\n\t\t\t\t\t\t\t\t\tDe plus, tu auras, comme d'autres collaborateurs, l'occasion de te familiariser avec la nouvelle technologie et les syst\u00e8mes. Si vous le souhaitez, nous pouvons vous louer l'\u00e9quipement n\u00e9cessaire et vous encadrer en d\u00e9tail lors de votre intervention directement sur place.\t\t\t\t\t\t\t\t<\/div>\n\t\t\t\t<\/div>\n\t\t\t\t<div class=\"elementor-element elementor-element-f6cde8c elementor-widget elementor-widget-text-editor\" data-id=\"f6cde8c\" data-element_type=\"widget\" data-e-type=\"widget\" data-widget_type=\"text-editor.default\">\n\t\t\t\t<div class=\"elementor-widget-container\">\n\t\t\t\t\t\t\t\t\tMais l'accompagnement de projet ne se limite pas aux t\u00e2ches sur le chantier. Nous sommes \u00e0 vos c\u00f4t\u00e9s lors de la pr\u00e9paration du projet, nous vous montrons comment planifier de mani\u00e8re r\u00e9aliste les objectifs du projet ainsi que les d\u00e9lais et les budgets \u00e0 l'aide de technologies et de m\u00e9thodes num\u00e9riques et nous d\u00e9finissons ensemble les processus et les flux de travail num\u00e9riques. En tant qu'observateur accompagnateur, nous sommes en mesure de mettre en \u00e9vidence les points faibles potentiels de la planification et de proposer des solutions concr\u00e8tes. Ce suivi comprend \u00e9galement le contr\u00f4le permanent de l'avancement des travaux dans les diff\u00e9rentes phases de la r\u00e9alisation du projet.\t\t\t\t\t\t\t\t<\/div>\n\t\t\t\t<\/div>\n\t\t\t\t<div class=\"elementor-element elementor-element-b9984eb elementor-widget elementor-widget-global elementor-global-2218 elementor-widget-button\" data-id=\"b9984eb\" data-element_type=\"widget\" data-e-type=\"widget\" data-widget_type=\"button.default\">\n\t\t\t\t<div class=\"elementor-widget-container\">\n\t\t\t\t\t\t\t\t\t<div class=\"elementor-button-wrapper\">\n\t\t\t\t\t<a class=\"elementor-button elementor-button-link elementor-size-sm\" href=\"https:\/\/sitech.ch\/fr\/contact\/\">\n\t\t\t\t\t\t<span class=\"elementor-button-content-wrapper\">\n\t\t\t\t\t\t\t\t\t<span class=\"elementor-button-text\">Contacter directement SITECH<\/span>\n\t\t\t\t\t<\/span>\n\t\t\t\t\t<\/a>\n\t\t\t\t<\/div>\n\t\t\t\t\t\t\t\t<\/div>\n\t\t\t\t<\/div>\n\t\t\t\t<\/div>\n\t\t\t\t<\/div>\n\t\t<div class=\"elementor-element elementor-element-42a0b86 e-con-full e-flex e-con e-parent\" data-id=\"42a0b86\" data-element_type=\"container\" data-e-type=\"container\">\n\t\t<div class=\"elementor-element elementor-element-022f365 e-con-full e-flex e-con e-child\" data-id=\"022f365\" data-element_type=\"container\" data-e-type=\"container\" data-settings=\"{&quot;background_background&quot;:&quot;classic&quot;}\">\n\t\t\t\t<div class=\"elementor-element elementor-element-52ac282 elementor-widget elementor-widget-heading\" data-id=\"52ac282\" data-element_type=\"widget\" data-e-type=\"widget\" data-widget_type=\"heading.default\">\n\t\t\t\t<div class=\"elementor-widget-container\">\n\t\t\t\t\t<h2 class=\"elementor-heading-title elementor-size-default\">Rendez-vous<\/h2>\t\t\t\t<\/div>\n\t\t\t\t<\/div>\n\t\t\t\t<div class=\"elementor-element elementor-element-a33223e elementor-widget elementor-widget-heading\" data-id=\"a33223e\" data-element_type=\"widget\" data-e-type=\"widget\" data-widget_type=\"heading.default\">\n\t\t\t\t<div class=\"elementor-widget-container\">\n\t\t\t\t\t<h2 class=\"elementor-heading-title elementor-size-default\">ou offre<\/h2>\t\t\t\t<\/div>\n\t\t\t\t<\/div>\n\t\t\t\t<\/div>\n\t\t<div class=\"elementor-element elementor-element-0a912df e-con-full e-flex e-con e-child\" data-id=\"0a912df\" data-element_type=\"container\" data-e-type=\"container\" data-settings=\"{&quot;background_background&quot;:&quot;classic&quot;}\">\n\t\t<div class=\"elementor-element elementor-element-d5ce04f e-con-full e-flex e-con e-child\" data-id=\"d5ce04f\" data-element_type=\"container\" data-e-type=\"container\">\n\t\t\t\t<div class=\"elementor-element elementor-element-5c25400 elementor-widget elementor-widget-text-editor\" data-id=\"5c25400\" data-element_type=\"widget\" data-e-type=\"widget\" data-widget_type=\"text-editor.default\">\n\t\t\t\t<div class=\"elementor-widget-container\">\n\t\t\t\t\t\t\t\t\t<p>Apprends en plus sur l'accompagnement de projet par un expert SITECH ou par notre \u00e9quipe. Nous t'informons volontiers et te soumettons une offre d\u00e9taill\u00e9e sans engagement.<\/p>\t\t\t\t\t\t\t\t<\/div>\n\t\t\t\t<\/div>\n\t\t\t\t<div class=\"elementor-element elementor-element-7d63650 elementor-widget elementor-widget-button\" data-id=\"7d63650\" data-element_type=\"widget\" data-e-type=\"widget\" data-widget_type=\"button.default\">\n\t\t\t\t<div class=\"elementor-widget-container\">\n\t\t\t\t\t\t\t\t\t<div class=\"elementor-button-wrapper\">\n\t\t\t\t\t<a class=\"elementor-button elementor-button-link elementor-size-sm\" href=\"https:\/\/sitech.ch\/fr\/contact\/\">\n\t\t\t\t\t\t<span class=\"elementor-button-content-wrapper\">\n\t\t\t\t\t\t\t\t\t<span class=\"elementor-button-text\">Demander une offre ou un rendez-vous<\/span>\n\t\t\t\t\t<\/span>\n\t\t\t\t\t<\/a>\n\t\t\t\t<\/div>\n\t\t\t\t\t\t\t\t<\/div>\n\t\t\t\t<\/div>\n\t\t\t\t<\/div>\n\t\t\t\t<\/div>\n\t\t\t\t<\/div>\n\t\t\t\t<\/div>","protected":false},"excerpt":{"rendered":"<p>Projektbegleitung Unsere Mission ist, dass Kunden dank SITECH produktiver werden. Neue Systeme oder Mitarbeiter, schwierige Spezialaufgaben, neue Gesch\u00e4ftsfelder \u2013 es gibt viele Gr\u00fcnde f\u00fcr unsere Kunden, einen SITECH Experten zur Projektbegleitung in Anspruch zu nehmen. Neben einer professionelle und auf die jeweiligen Anwendungen angepasste Beratung erf\u00e4hrst Du und Deine Kollegen wie Bauvermessungssystemen und Maschinensteuerungen in [&hellip;]<\/p>\n","protected":false},"author":1,"featured_media":0,"parent":1590,"menu_order":0,"comment_status":"closed","ping_status":"closed","template":"elementor_header_footer","meta":{"footnotes":""},"class_list":["post-1673","page","type-page","status-publish","hentry"],"_links":{"self":[{"href":"https:\/\/sitech.ch\/fr\/wp-json\/wp\/v2\/pages\/1673","targetHints":{"allow":["GET"]}}],"collection":[{"href":"https:\/\/sitech.ch\/fr\/wp-json\/wp\/v2\/pages"}],"about":[{"href":"https:\/\/sitech.ch\/fr\/wp-json\/wp\/v2\/types\/page"}],"author":[{"embeddable":true,"href":"https:\/\/sitech.ch\/fr\/wp-json\/wp\/v2\/users\/1"}],"replies":[{"embeddable":true,"href":"https:\/\/sitech.ch\/fr\/wp-json\/wp\/v2\/comments?post=1673"}],"version-history":[{"count":40,"href":"https:\/\/sitech.ch\/fr\/wp-json\/wp\/v2\/pages\/1673\/revisions"}],"predecessor-version":[{"id":4817,"href":"https:\/\/sitech.ch\/fr\/wp-json\/wp\/v2\/pages\/1673\/revisions\/4817"}],"up":[{"embeddable":true,"href":"https:\/\/sitech.ch\/fr\/wp-json\/wp\/v2\/pages\/1590"}],"wp:attachment":[{"href":"https:\/\/sitech.ch\/fr\/wp-json\/wp\/v2\/media?parent=1673"}],"curies":[{"name":"wp","href":"https:\/\/api.w.org\/{rel}","templated":true}]}}