{"id":3338,"date":"2025-02-27T14:49:45","date_gmt":"2025-02-27T14:49:45","guid":{"rendered":"https:\/\/sitech.ch\/?page_id=3338"},"modified":"2025-05-27T07:56:42","modified_gmt":"2025-05-27T07:56:42","slug":"mentions-legales","status":"publish","type":"page","link":"https:\/\/sitech.ch\/fr\/impressum\/","title":{"rendered":"Mentions l\u00e9gales"},"content":{"rendered":"<div data-elementor-type=\"wp-page\" data-elementor-id=\"3338\" class=\"elementor elementor-3338\" data-elementor-post-type=\"page\">\n\t\t\t\t<div class=\"elementor-element elementor-element-f58b1fd e-con-full e-flex e-con e-parent\" data-id=\"f58b1fd\" data-element_type=\"container\" data-e-type=\"container\" data-settings=\"{&quot;background_background&quot;:&quot;classic&quot;}\">\n\t\t<div class=\"elementor-element elementor-element-2f14f68 e-con-full e-flex e-con e-child\" data-id=\"2f14f68\" data-element_type=\"container\" data-e-type=\"container\" data-settings=\"{&quot;background_background&quot;:&quot;classic&quot;}\">\n\t\t<div class=\"elementor-element elementor-element-d6cda28 e-con-full e-flex e-con e-child\" data-id=\"d6cda28\" data-element_type=\"container\" data-e-type=\"container\" data-settings=\"{&quot;background_background&quot;:&quot;classic&quot;}\">\n\t\t\t\t<div class=\"elementor-element elementor-element-3d1af1c elementor-widget elementor-widget-heading\" data-id=\"3d1af1c\" data-element_type=\"widget\" data-e-type=\"widget\" data-widget_type=\"heading.default\">\n\t\t\t\t<div class=\"elementor-widget-container\">\n\t\t\t\t\t<h1 class=\"elementor-heading-title elementor-size-default\">Mentions l\u00e9gales<\/h1>\t\t\t\t<\/div>\n\t\t\t\t<\/div>\n\t\t\t\t<\/div>\n\t\t\t\t<\/div>\n\t\t\t\t<\/div>\n\t\t\t\t<section class=\"elementor-section elementor-top-section elementor-element elementor-element-3379bf9 elementor-section-full_width elementor-section-height-default elementor-section-height-default\" data-id=\"3379bf9\" data-element_type=\"section\" data-e-type=\"section\">\n\t\t\t\t\t\t<div class=\"elementor-container elementor-column-gap-default\">\n\t\t\t\t\t<div class=\"elementor-column elementor-col-50 elementor-top-column elementor-element elementor-element-5f5d6b5\" data-id=\"5f5d6b5\" data-element_type=\"column\" data-e-type=\"column\" data-settings=\"{&quot;background_background&quot;:&quot;classic&quot;}\">\n\t\t\t<div class=\"elementor-widget-wrap elementor-element-populated\">\n\t\t\t\t\t\t<div class=\"elementor-element elementor-element-5775e27 elementor-widget elementor-widget-spacer\" data-id=\"5775e27\" data-element_type=\"widget\" data-e-type=\"widget\" data-widget_type=\"spacer.default\">\n\t\t\t\t<div class=\"elementor-widget-container\">\n\t\t\t\t\t\t\t<div class=\"elementor-spacer\">\n\t\t\t<div class=\"elementor-spacer-inner\"><\/div>\n\t\t<\/div>\n\t\t\t\t\t\t<\/div>\n\t\t\t\t<\/div>\n\t\t\t\t\t<\/div>\n\t\t<\/div>\n\t\t\t\t<div class=\"elementor-column elementor-col-25 elementor-top-column elementor-element elementor-element-657e1ed\" data-id=\"657e1ed\" data-element_type=\"column\" data-e-type=\"column\" data-settings=\"{&quot;background_background&quot;:&quot;classic&quot;}\">\n\t\t\t<div class=\"elementor-widget-wrap elementor-element-populated\">\n\t\t\t\t\t\t<div class=\"elementor-element elementor-element-b4e9d90 elementor-widget elementor-widget-spacer\" data-id=\"b4e9d90\" data-element_type=\"widget\" data-e-type=\"widget\" data-widget_type=\"spacer.default\">\n\t\t\t\t<div class=\"elementor-widget-container\">\n\t\t\t\t\t\t\t<div class=\"elementor-spacer\">\n\t\t\t<div class=\"elementor-spacer-inner\"><\/div>\n\t\t<\/div>\n\t\t\t\t\t\t<\/div>\n\t\t\t\t<\/div>\n\t\t\t\t\t<\/div>\n\t\t<\/div>\n\t\t\t\t<div class=\"elementor-column elementor-col-25 elementor-top-column elementor-element elementor-element-4b3ff73\" data-id=\"4b3ff73\" data-element_type=\"column\" data-e-type=\"column\" data-settings=\"{&quot;background_background&quot;:&quot;classic&quot;}\">\n\t\t\t<div class=\"elementor-widget-wrap elementor-element-populated\">\n\t\t\t\t\t\t<div class=\"elementor-element elementor-element-1e993bc elementor-widget elementor-widget-spacer\" data-id=\"1e993bc\" data-element_type=\"widget\" data-e-type=\"widget\" data-widget_type=\"spacer.default\">\n\t\t\t\t<div class=\"elementor-widget-container\">\n\t\t\t\t\t\t\t<div class=\"elementor-spacer\">\n\t\t\t<div class=\"elementor-spacer-inner\"><\/div>\n\t\t<\/div>\n\t\t\t\t\t\t<\/div>\n\t\t\t\t<\/div>\n\t\t\t\t\t<\/div>\n\t\t<\/div>\n\t\t\t\t\t<\/div>\n\t\t<\/section>\n\t\t<div class=\"elementor-element elementor-element-bd1314f e-con-full e-flex e-con e-parent\" data-id=\"bd1314f\" data-element_type=\"container\" data-e-type=\"container\">\n\t\t<div class=\"elementor-element elementor-element-9c6180c e-con-full e-flex e-con e-child\" data-id=\"9c6180c\" data-element_type=\"container\" data-e-type=\"container\">\n\t\t\t\t<div class=\"elementor-element elementor-element-9be0792 elementor-widget elementor-widget-text-editor\" data-id=\"9be0792\" data-element_type=\"widget\" data-e-type=\"widget\" data-widget_type=\"text-editor.default\">\n\t\t\t\t<div class=\"elementor-widget-container\">\n\t\t\t\t\t\t\t\t\t<p><strong>SITE.ch Suisse SA<\/strong><br \/><strong>Succursale d'Othmarsingen<\/strong><br \/>Ahornweg 5a<br \/>5504 Othmarsingen<br \/>T\u00e9l. : 062 550 11 10<br \/>Courrier \u00e9lectronique :\u00a0<a><u>info(at)sitech.ch<\/u><\/a><\/p><p><strong>SITE.ch Suisse SA<br \/>Succursale de Lutry<\/strong><br \/>Route de Lavaux 35<br \/>1095 Lutry<br \/>T\u00e9l. : 024 550 02 52<br \/>Courrier \u00e9lectronique :\u00a0<u><a>info(at)sitech.ch<\/a><\/u><\/p>\t\t\t\t\t\t\t\t<\/div>\n\t\t\t\t<\/div>\n\t\t\t\t<div class=\"elementor-element elementor-element-4988037 elementor-widget elementor-widget-text-editor\" data-id=\"4988037\" data-element_type=\"widget\" data-e-type=\"widget\" data-widget_type=\"text-editor.default\">\n\t\t\t\t<div class=\"elementor-widget-container\">\n\t\t\t\t\t\t\t\t\t<p><strong>Direction<\/strong><\/p><p><strong>Patrick Schildknecht<\/strong><br \/>Directeur g\u00e9n\u00e9ral<br \/>T\u00e9l. : 062 550 11 12\u00a0<br \/>T\u00e9l\u00e9copieur : 062 550 11 14<br \/>Portable : 079 588 13 30<br \/>Courrier \u00e9lectronique :\u00a0<a><u>patrick.schildknecht(at)sitech.ch<\/u><\/a><\/p>\t\t\t\t\t\t\t\t<\/div>\n\t\t\t\t<\/div>\n\t\t\t\t<div class=\"elementor-element elementor-element-87781b3 elementor-widget elementor-widget-text-editor\" data-id=\"87781b3\" data-element_type=\"widget\" data-e-type=\"widget\" data-widget_type=\"text-editor.default\">\n\t\t\t\t<div class=\"elementor-widget-container\">\n\t\t\t\t\t\t\t\t\t<p>Une entreprise de la MEB Holding AG.\u00a0<\/p>\t\t\t\t\t\t\t\t<\/div>\n\t\t\t\t<\/div>\n\t\t\t\t<div class=\"elementor-element elementor-element-58fe1f0 elementor-widget elementor-widget-image\" data-id=\"58fe1f0\" data-element_type=\"widget\" data-e-type=\"widget\" data-widget_type=\"image.default\">\n\t\t\t\t<div class=\"elementor-widget-container\">\n\t\t\t\t\t\t\t\t\t\t\t\t\t\t\t<img fetchpriority=\"high\" decoding=\"async\" width=\"800\" height=\"143\" src=\"https:\/\/sitech.ch\/wp-content\/uploads\/2025\/02\/MEB-Group-Logo.jpg\" class=\"attachment-large size-large wp-image-2382\" alt=\"\" srcset=\"https:\/\/sitech.ch\/wp-content\/uploads\/2025\/02\/MEB-Group-Logo.jpg 800w, https:\/\/sitech.ch\/wp-content\/uploads\/2025\/02\/MEB-Group-Logo-300x54.jpg 300w, https:\/\/sitech.ch\/wp-content\/uploads\/2025\/02\/MEB-Group-Logo-768x137.jpg 768w\" sizes=\"(max-width: 800px) 100vw, 800px\" \/>\t\t\t\t\t\t\t\t\t\t\t\t\t\t\t<\/div>\n\t\t\t\t<\/div>\n\t\t\t\t<\/div>\n\t\t\t\t<\/div>\n\t\t\t\t<\/div>","protected":false},"excerpt":{"rendered":"<p>Impressum SITE.ch Schweiz AGNiederlassung OthmarsingenAhornweg 5a5504 OthmarsingenTel.: 062 550 11 10E-Mail:\u00a0info(at)sitech.ch SITE.ch Suisse SANiederlassung LutryRoute de Lavaux 351095 LutryTel.: 024 550 02 52E-Mail:\u00a0info(at)sitech.ch Gesch\u00e4ftsf\u00fchrung Patrick SchildknechtGesch\u00e4ftsf\u00fchrerTel.:\u00a0 062 550 11 12\u00a0Fax: 062 550 11 14Mobil: 079 588 13 30E-Mail:\u00a0patrick.schildknecht(at)sitech.ch Ein Unternehmen der MEB Holding AG.\u00a0<\/p>","protected":false},"author":1,"featured_media":0,"parent":0,"menu_order":0,"comment_status":"closed","ping_status":"closed","template":"elementor_header_footer","meta":{"footnotes":""},"class_list":["post-3338","page","type-page","status-publish","hentry"],"_links":{"self":[{"href":"https:\/\/sitech.ch\/fr\/wp-json\/wp\/v2\/pages\/3338","targetHints":{"allow":["GET"]}}],"collection":[{"href":"https:\/\/sitech.ch\/fr\/wp-json\/wp\/v2\/pages"}],"about":[{"href":"https:\/\/sitech.ch\/fr\/wp-json\/wp\/v2\/types\/page"}],"author":[{"embeddable":true,"href":"https:\/\/sitech.ch\/fr\/wp-json\/wp\/v2\/users\/1"}],"replies":[{"embeddable":true,"href":"https:\/\/sitech.ch\/fr\/wp-json\/wp\/v2\/comments?post=3338"}],"version-history":[{"count":13,"href":"https:\/\/sitech.ch\/fr\/wp-json\/wp\/v2\/pages\/3338\/revisions"}],"predecessor-version":[{"id":5306,"href":"https:\/\/sitech.ch\/fr\/wp-json\/wp\/v2\/pages\/3338\/revisions\/5306"}],"wp:attachment":[{"href":"https:\/\/sitech.ch\/fr\/wp-json\/wp\/v2\/media?parent=3338"}],"curies":[{"name":"wp","href":"https:\/\/api.w.org\/{rel}","templated":true}]}}