{"id":4530,"date":"2025-03-27T12:38:03","date_gmt":"2025-03-27T12:38:03","guid":{"rendered":"https:\/\/sitech.ch\/?page_id=4530"},"modified":"2025-03-28T11:58:55","modified_gmt":"2025-03-28T11:58:55","slug":"trimble-td520-td540","status":"publish","type":"page","link":"https:\/\/sitech.ch\/fr\/produkte\/trimble-maschinensteuerung\/trimble-earthworks\/trimble-td520-td540\/","title":{"rendered":"Trimble TD520 &amp; TD540"},"content":{"rendered":"<div data-elementor-type=\"wp-page\" data-elementor-id=\"4530\" class=\"elementor elementor-4530\" data-elementor-post-type=\"page\">\n\t\t\t\t<div class=\"elementor-element elementor-element-467703c e-con-full e-flex e-con e-parent\" data-id=\"467703c\" data-element_type=\"container\" data-e-type=\"container\">\n\t\t<div class=\"elementor-element elementor-element-d64b56f e-con-full e-flex e-con e-child\" data-id=\"d64b56f\" data-element_type=\"container\" data-e-type=\"container\">\n\t\t\t\t<div class=\"elementor-element elementor-element-bb386bc elementor-widget elementor-widget-image\" data-id=\"bb386bc\" data-element_type=\"widget\" data-e-type=\"widget\" data-widget_type=\"image.default\">\n\t\t\t\t<div class=\"elementor-widget-container\">\n\t\t\t\t\t\t\t\t\t\t\t\t\t\t\t\t<a href=\"https:\/\/sitech.ch\/wp-content\/uploads\/2025\/03\/trimble-TD520-thumb.jpg\" data-elementor-open-lightbox=\"yes\" data-elementor-lightbox-title=\"trimble-TD520-thumb\" data-e-action-hash=\"#elementor-action%3Aaction%3Dlightbox%26settings%3DeyJpZCI6NDUyNiwidXJsIjoiaHR0cHM6XC9cL3NpdGVjaC5jaFwvd3AtY29udGVudFwvdXBsb2Fkc1wvMjAyNVwvMDNcL3RyaW1ibGUtVEQ1MjAtdGh1bWIuanBnIn0%3D\">\n\t\t\t\t\t\t\t<img fetchpriority=\"high\" decoding=\"async\" width=\"800\" height=\"533\" src=\"https:\/\/sitech.ch\/wp-content\/uploads\/2025\/03\/trimble-TD520-thumb-1024x682.jpg\" class=\"attachment-large size-large wp-image-4526\" alt=\"\" srcset=\"https:\/\/sitech.ch\/wp-content\/uploads\/2025\/03\/trimble-TD520-thumb-1024x682.jpg 1024w, https:\/\/sitech.ch\/wp-content\/uploads\/2025\/03\/trimble-TD520-thumb-300x200.jpg 300w, https:\/\/sitech.ch\/wp-content\/uploads\/2025\/03\/trimble-TD520-thumb-768x512.jpg 768w, https:\/\/sitech.ch\/wp-content\/uploads\/2025\/03\/trimble-TD520-thumb-18x12.jpg 18w, https:\/\/sitech.ch\/wp-content\/uploads\/2025\/03\/trimble-TD520-thumb.jpg 1280w\" sizes=\"(max-width: 800px) 100vw, 800px\" \/>\t\t\t\t\t\t\t\t<\/a>\n\t\t\t\t\t\t\t\t\t\t\t\t\t\t\t<\/div>\n\t\t\t\t<\/div>\n\t\t\t\t<\/div>\n\t\t<div class=\"elementor-element elementor-element-2b66bf7 e-con-full e-flex e-con e-child\" data-id=\"2b66bf7\" data-element_type=\"container\" data-e-type=\"container\">\n\t\t\t\t<div class=\"elementor-element elementor-element-beb22a8 elementor-widget elementor-widget-heading\" data-id=\"beb22a8\" data-element_type=\"widget\" data-e-type=\"widget\" data-widget_type=\"heading.default\">\n\t\t\t\t<div class=\"elementor-widget-container\">\n\t\t\t\t\t<h1 class=\"elementor-heading-title elementor-size-default\">\u00c9cran tactile Android TD520<\/h1>\t\t\t\t<\/div>\n\t\t\t\t<\/div>\n\t\t\t\t<div class=\"elementor-element elementor-element-0b521e2 elementor-widget-divider--view-line elementor-widget elementor-widget-divider\" data-id=\"0b521e2\" data-element_type=\"widget\" data-e-type=\"widget\" data-widget_type=\"divider.default\">\n\t\t\t\t<div class=\"elementor-widget-container\">\n\t\t\t\t\t\t\t<div class=\"elementor-divider\">\n\t\t\t<span class=\"elementor-divider-separator\">\n\t\t\t\t\t\t<\/span>\n\t\t<\/div>\n\t\t\t\t\t\t<\/div>\n\t\t\t\t<\/div>\n\t\t\t\t<div class=\"elementor-element elementor-element-510b4e1 elementor-widget elementor-widget-text-editor\" data-id=\"510b4e1\" data-element_type=\"widget\" data-e-type=\"widget\" data-widget_type=\"text-editor.default\">\n\t\t\t\t<div class=\"elementor-widget-container\">\n\t\t\t\t\t\t\t\t\tL'\u00e9cran Trimble TD520 (10 pouces) est la solution d'entr\u00e9e de gamme pour une exp\u00e9rience utilisateur optimale avec la Trimble Earthworks Grade Control Platform.\t\t\t\t\t\t\t\t<\/div>\n\t\t\t\t<\/div>\n\t\t\t\t<div class=\"elementor-element elementor-element-29bc9f1 elementor-widget elementor-widget-text-editor\" data-id=\"29bc9f1\" data-element_type=\"widget\" data-e-type=\"widget\" data-widget_type=\"text-editor.default\">\n\t\t\t\t<div class=\"elementor-widget-container\">\n\t\t\t\t\t\t\t\t\tIl dispose d'un puissant moteur graphique 3D, d'une protection contre l'\u00e9blouissement et d'un r\u00e9tro\u00e9clairage, combinant ainsi une excellente lisibilit\u00e9 en plein soleil avec une interface utilisateur multitouch intuitive. Le syst\u00e8me d'exploitation Android 6 permet d'ajouter des applications suppl\u00e9mentaires. Le TD520 offre une connectivit\u00e9 via Bluetooth, USB et WLAN.\t\t\t\t\t\t\t\t<\/div>\n\t\t\t\t<\/div>\n\t\t\t\t<div class=\"elementor-element elementor-element-2e1be7f elementor-widget elementor-widget-spacer\" data-id=\"2e1be7f\" data-element_type=\"widget\" data-e-type=\"widget\" data-widget_type=\"spacer.default\">\n\t\t\t\t<div class=\"elementor-widget-container\">\n\t\t\t\t\t\t\t<div class=\"elementor-spacer\">\n\t\t\t<div class=\"elementor-spacer-inner\"><\/div>\n\t\t<\/div>\n\t\t\t\t\t\t<\/div>\n\t\t\t\t<\/div>\n\t\t\t\t<div class=\"elementor-element elementor-element-d3a5b6c elementor-widget elementor-widget-heading\" data-id=\"d3a5b6c\" data-element_type=\"widget\" data-e-type=\"widget\" data-widget_type=\"heading.default\">\n\t\t\t\t<div class=\"elementor-widget-container\">\n\t\t\t\t\t<h2 class=\"elementor-heading-title elementor-size-default\">\u00c9cran tactile Android TD540<\/h2>\t\t\t\t<\/div>\n\t\t\t\t<\/div>\n\t\t\t\t<div class=\"elementor-element elementor-element-52b0938 elementor-widget-divider--view-line elementor-widget elementor-widget-divider\" data-id=\"52b0938\" data-element_type=\"widget\" data-e-type=\"widget\" data-widget_type=\"divider.default\">\n\t\t\t\t<div class=\"elementor-widget-container\">\n\t\t\t\t\t\t\t<div class=\"elementor-divider\">\n\t\t\t<span class=\"elementor-divider-separator\">\n\t\t\t\t\t\t<\/span>\n\t\t<\/div>\n\t\t\t\t\t\t<\/div>\n\t\t\t\t<\/div>\n\t\t\t\t<div class=\"elementor-element elementor-element-0011009 elementor-widget elementor-widget-text-editor\" data-id=\"0011009\" data-element_type=\"widget\" data-e-type=\"widget\" data-widget_type=\"text-editor.default\">\n\t\t\t\t<div class=\"elementor-widget-container\">\n\t\t\t\t\t\t\t\t\tLe TD540 est l'\u00e9cran haut de gamme pour les syst\u00e8mes de commande d'engins Trimble Earthworks, avec une diagonale d'\u00e9cran de 25,4 cm (10,1 pouces). Il est dot\u00e9 d'un puissant moteur graphique 3D, d'une protection contre l'\u00e9blouissement et d'un r\u00e9tro\u00e9clairage, combinant ainsi une excellente lisibilit\u00e9 en plein soleil et une interface utilisateur multitouch intuitive. Le syst\u00e8me d'exploitation Android 11 permet d'ajouter des applications suppl\u00e9mentaires. Le TD540 offre une connectivit\u00e9 via Bluetooth, USB et WLAN.\t\t\t\t\t\t\t\t<\/div>\n\t\t\t\t<\/div>\n\t\t\t\t<div class=\"elementor-element elementor-element-de135eb elementor-widget elementor-widget-global elementor-global-2218 elementor-widget-button\" data-id=\"de135eb\" data-element_type=\"widget\" data-e-type=\"widget\" data-widget_type=\"button.default\">\n\t\t\t\t<div class=\"elementor-widget-container\">\n\t\t\t\t\t\t\t\t\t<div class=\"elementor-button-wrapper\">\n\t\t\t\t\t<a class=\"elementor-button elementor-button-link elementor-size-sm\" href=\"https:\/\/sitech.ch\/fr\/contact\/\">\n\t\t\t\t\t\t<span class=\"elementor-button-content-wrapper\">\n\t\t\t\t\t\t\t\t\t<span class=\"elementor-button-text\">Contacter directement SITECH<\/span>\n\t\t\t\t\t<\/span>\n\t\t\t\t\t<\/a>\n\t\t\t\t<\/div>\n\t\t\t\t\t\t\t\t<\/div>\n\t\t\t\t<\/div>\n\t\t\t\t<\/div>\n\t\t\t\t<\/div>\n\t\t\t\t<\/div>","protected":false},"excerpt":{"rendered":"<p>Touchscreen Android Display TD520 Das Trimble-Display TD520 (10 Zoll) ist die Einstiegs-L\u00f6sung f\u00fcr eine optimale Benutzererfahrung mit der Trimble Earthworks Grade Control Platform.Es verf\u00fcgt \u00fcber eine leistungsstarke 3D-Grafik-Engine, Blendschutz und Hintergrundbeleuchtung und kombiniert so exzellente Lesbarkeit bei Sonnenlicht mit einer intuitiven Multitouch-Benutzeroberfl\u00e4che. Das Betriebssystem Android 6 erm\u00f6glicht die Erweiterung mit zus\u00e4tzlichen Anwendungen. TD520 bietet Konnektivit\u00e4t [&hellip;]<\/p>\n","protected":false},"author":1,"featured_media":0,"parent":767,"menu_order":0,"comment_status":"closed","ping_status":"closed","template":"elementor_header_footer","meta":{"footnotes":""},"class_list":["post-4530","page","type-page","status-publish","hentry"],"_links":{"self":[{"href":"https:\/\/sitech.ch\/fr\/wp-json\/wp\/v2\/pages\/4530","targetHints":{"allow":["GET"]}}],"collection":[{"href":"https:\/\/sitech.ch\/fr\/wp-json\/wp\/v2\/pages"}],"about":[{"href":"https:\/\/sitech.ch\/fr\/wp-json\/wp\/v2\/types\/page"}],"author":[{"embeddable":true,"href":"https:\/\/sitech.ch\/fr\/wp-json\/wp\/v2\/users\/1"}],"replies":[{"embeddable":true,"href":"https:\/\/sitech.ch\/fr\/wp-json\/wp\/v2\/comments?post=4530"}],"version-history":[{"count":10,"href":"https:\/\/sitech.ch\/fr\/wp-json\/wp\/v2\/pages\/4530\/revisions"}],"predecessor-version":[{"id":4853,"href":"https:\/\/sitech.ch\/fr\/wp-json\/wp\/v2\/pages\/4530\/revisions\/4853"}],"up":[{"embeddable":true,"href":"https:\/\/sitech.ch\/fr\/wp-json\/wp\/v2\/pages\/767"}],"wp:attachment":[{"href":"https:\/\/sitech.ch\/fr\/wp-json\/wp\/v2\/media?parent=4530"}],"curies":[{"name":"wp","href":"https:\/\/api.w.org\/{rel}","templated":true}]}}